{"id":1631,"date":"2024-02-27T13:42:35","date_gmt":"2024-02-27T12:42:35","guid":{"rendered":"https:\/\/profilarshop.se\/?post_type=product&#038;p=1631"},"modified":"2024-09-19T13:58:25","modified_gmt":"2024-09-19T11:58:25","slug":"massvagg","status":"publish","type":"product","link":"https:\/\/profilarshop.se\/en\/p\/massvagg\/","title":{"rendered":"M\u00e4ssv\u00e4gg"},"content":{"rendered":"","protected":false},"excerpt":{"rendered":"<ul>\n<li>Prisv\u00e4rd rak m\u00e4ssv\u00e4gg av softwall-typ<\/li>\n<li>Tv\u00e5 olika h\u00f6jder<\/li>\n<li>Vit, Svart eller tryckt baksida<\/li>\n<li>L\u00e4tt att montera<\/li>\n<\/ul>\n","protected":false},"featured_media":1627,"template":"","meta":{"_acf_changed":false},"product_brand":[],"product_cat":[24],"product_tag":[],"class_list":{"0":"post-1631","1":"product","2":"type-product","3":"status-publish","4":"has-post-thumbnail","6":"product_cat-expo","8":"first","9":"instock","10":"taxable","11":"shipping-taxable","12":"purchasable","13":"product-type-simple"},"acf":[],"_links":{"self":[{"href":"https:\/\/profilarshop.se\/en\/wp-json\/wp\/v2\/product\/1631","targetHints":{"allow":["GET"]}}],"collection":[{"href":"https:\/\/profilarshop.se\/en\/wp-json\/wp\/v2\/product"}],"about":[{"href":"https:\/\/profilarshop.se\/en\/wp-json\/wp\/v2\/types\/product"}],"wp:featuredmedia":[{"embeddable":true,"href":"https:\/\/profilarshop.se\/en\/wp-json\/wp\/v2\/media\/1627"}],"wp:attachment":[{"href":"https:\/\/profilarshop.se\/en\/wp-json\/wp\/v2\/media?parent=1631"}],"wp:term":[{"taxonomy":"product_brand","embeddable":true,"href":"https:\/\/profilarshop.se\/en\/wp-json\/wp\/v2\/product_brand?post=1631"},{"taxonomy":"product_cat","embeddable":true,"href":"https:\/\/profilarshop.se\/en\/wp-json\/wp\/v2\/product_cat?post=1631"},{"taxonomy":"product_tag","embeddable":true,"href":"https:\/\/profilarshop.se\/en\/wp-json\/wp\/v2\/product_tag?post=1631"}],"curies":[{"name":"wp","href":"https:\/\/api.w.org\/{rel}","templated":true}]}}