{"id":830,"date":"2024-02-09T12:47:18","date_gmt":"2024-02-09T11:47:18","guid":{"rendered":"https:\/\/profilarshop.se\/?post_type=product&#038;p=830"},"modified":"2024-09-19T13:58:26","modified_gmt":"2024-09-19T11:58:26","slug":"hoodie","status":"publish","type":"product","link":"https:\/\/profilarshop.se\/en\/p\/hoodie\/","title":{"rendered":"Hoodie"},"content":{"rendered":"","protected":false},"excerpt":{"rendered":"<ul>\n<li>Milj\u00f6v\u00e4nlig huvtr\u00f6ja<\/li>\n<li>\u00c5tervunnen polyester<\/li>\n<li>Mjuk borstad insida<\/li>\n<li>Stor ficka p\u00e5 magen<\/li>\n<li>Herrstorlekar (S-4XL)<\/li>\n<\/ul>\n","protected":false},"featured_media":837,"template":"","meta":{"_acf_changed":false},"product_brand":[],"product_cat":[22],"product_tag":[31,30],"class_list":{"0":"post-830","1":"product","2":"type-product","3":"status-publish","4":"has-post-thumbnail","6":"product_cat-klader","7":"product_tag-antal","8":"product_tag-klader","10":"first","11":"instock","12":"taxable","13":"shipping-taxable","14":"purchasable","15":"product-type-simple"},"acf":[],"_links":{"self":[{"href":"https:\/\/profilarshop.se\/en\/wp-json\/wp\/v2\/product\/830","targetHints":{"allow":["GET"]}}],"collection":[{"href":"https:\/\/profilarshop.se\/en\/wp-json\/wp\/v2\/product"}],"about":[{"href":"https:\/\/profilarshop.se\/en\/wp-json\/wp\/v2\/types\/product"}],"wp:featuredmedia":[{"embeddable":true,"href":"https:\/\/profilarshop.se\/en\/wp-json\/wp\/v2\/media\/837"}],"wp:attachment":[{"href":"https:\/\/profilarshop.se\/en\/wp-json\/wp\/v2\/media?parent=830"}],"wp:term":[{"taxonomy":"product_brand","embeddable":true,"href":"https:\/\/profilarshop.se\/en\/wp-json\/wp\/v2\/product_brand?post=830"},{"taxonomy":"product_cat","embeddable":true,"href":"https:\/\/profilarshop.se\/en\/wp-json\/wp\/v2\/product_cat?post=830"},{"taxonomy":"product_tag","embeddable":true,"href":"https:\/\/profilarshop.se\/en\/wp-json\/wp\/v2\/product_tag?post=830"}],"curies":[{"name":"wp","href":"https:\/\/api.w.org\/{rel}","templated":true}]}}